{"id":69,"date":"2017-04-11T21:42:02","date_gmt":"2017-04-11T21:42:02","guid":{"rendered":"http:\/\/www.fundarweb.org.ar\/fundar\/?page_id=69"},"modified":"2025-07-09T23:24:59","modified_gmt":"2025-07-09T23:24:59","slug":"servicios","status":"publish","type":"page","link":"https:\/\/www.fundarweb.org.ar\/fundar\/servicios\/","title":{"rendered":"Servicios"},"content":{"rendered":"<ul>\n<li><strong>Al ciudadano en general a trav\u00e9s de Programas que den cumplimiento a los objetivos de \u00a8Acceso a la Justicia\u00a8 y \u201cDefendamos Nuestros\u00a0 Derechos\u201d para que los mismos puedan acceder de manera flu\u00edda a las instituciones y\/o mecanismos previstos para su pleno ejercicio.<\/strong><\/li>\n<li><strong>Asesoramiento a las Instituciones P\u00fablicas, tanto Ejecutivas como Legislativas, como asimismo a Instituciones No Gubernamentales.<\/strong><\/li>\n<li><strong>Aportar al Crecimiento econ\u00f3mico a trav\u00e9s del Observatorio Econ\u00f3mico con diagn\u00f3sticos e informaci\u00f3n de los sectores que componen la econom\u00eda Regional.<\/strong><\/li>\n<li><strong>Ayudar en el proceso de formaci\u00f3n de l\u00edderes sociales y pol\u00edticos, con respeto a la diversidad. <\/strong><\/li>\n<li><strong>Asistencias al Sector Privado en trabajos de asesoramiento, estudios de inversi\u00f3n, estudios de mercado entre otros. Todo esto con el objetivo de favorecer procesos de desarrollo econ\u00f3mico regional, con equidad y equilibrio.<\/strong><\/li>\n<li><strong>Columnas de Opini\u00f3n en los Medios de Comunicaci\u00f3n, sobre Pol\u00edtica Nacional, Internacional, Econom\u00eda y Fortalecimiento de las Instituciones, a efectos de conceptualizar la realidad que nos toca vivir.<\/strong><\/li>\n<\/ul>\n<p><span style=\"font-size: 14pt; color: #ff6600;\"><strong>La construcci\u00f3n de redes<\/strong><\/span> <strong>sirve para articular las potencialidades de grupos que se encargan de tem\u00e1ticas similares y lograr juntar sus fuerzas para llevar a cabo la acci\u00f3n de manera exitosa. La construcci\u00f3n de redes es una estrategia que se debe tener en cuenta en el momento de dise\u00f1ar un plan de acci\u00f3n, ya que el v\u00ednculo con otras organizaciones de la sociedad civil potencia la capacidad de control y de incidencia sobre la gesti\u00f3n p\u00fablica.<\/strong><\/p>\n<p><strong>Desarrollar un plan de acci\u00f3n articulado con otros actores permite los siguientes logros:<\/strong><\/p>\n<ul>\n<li><strong>Transversalidad:<\/strong> es articular la acci\u00f3n con distintos espacios. Puede ser geogr\u00e1fica, tem\u00e1tica, organizativa, en el foco de acci\u00f3n y temporal (coyuntura, mediano y largo plazo).<\/li>\n<li><strong>Escala masiva:<\/strong> permite instalar el tema y desarrollar la estrategia, involucrando a una cantidad de ciudadanos y ciudadanas que legitimen las acciones.<\/li>\n<li><strong>Anclaje social<\/strong>: es la condici\u00f3n que se da cuando los ciudadanos y ciudadanas se apropian de un tema y lo convierten en acci\u00f3n concreta.<\/li>\n<li><strong>Masa cr\u00edtica<\/strong>: es fundamental para poder operar herramientas de participaci\u00f3n o desarrollar acciones de incidencia, conformar el grupo de trabajo adecuado para llevar adelante la estrategia.<\/li>\n<li><strong>Poder difuso:<\/strong> sirve para forzar la voluntad pol\u00edtica necesaria para incidir en las pol\u00edticas p\u00fablicas. Permite expandir el poder tangible de la sociedad civil a trav\u00e9s de alianzas con otros sectores y generar un poder que no pueda ser medible y f\u00e1cilmente neutralizado por el poder pol\u00edtico.<\/li>\n<li><strong>Tejiendo redes globales:<\/strong> la incidencia pol\u00edtica como objetivo.<\/li>\n<\/ul>\n<p><strong>Las redes llaman cada vez m\u00e1s la atenci\u00f3n de acad\u00e9micos,profesionales y de la sociedad en general, habiendo adquirido un gran tama\u00f1o e importancia,\u00a0 como modos efectivos de organizar esfuerzos hacia el logro del cambio social. Crecientemente, surgen nuevos procesos de pol\u00edticas regionales y globales, as\u00ed como redes globales de organizaciones de la sociedad civil (OSCs) que participan en los mismos. En consecuencia, hay mayor demanda e inter\u00e9s en mejorar el conocimiento acerca de c\u00f3mo funcionan estas redes &#8211; como un nuevo modo de acci\u00f3n no gubernamental. Tambi\u00e9n se necesitan nuevos espacios para pensar sobre c\u00f3mo pueden evolucionar las redes en un futuro cercano para volverse m\u00e1s leg\u00edtimas, efectivas, transparentes, democr\u00e1ticas y responsables.<\/strong><\/p>\n<p style=\"text-align: left;\">\n","protected":false},"excerpt":{"rendered":"<p>Al ciudadano en general a trav\u00e9s de Programas que den cumplimiento a los objetivos de \u00a8Acceso a la Justicia\u00a8 y \u201cDefendamos Nuestros\u00a0 Derechos\u201d para que los mismos puedan acceder de manera flu\u00edda a las instituciones y\/o mecanismos previstos para su pleno ejercicio. Asesoramiento a las Instituciones P\u00fablicas, tanto Ejecutivas como Legislativas, como asimismo a Instituciones [&hellip;]<\/p>\n","protected":false},"author":1,"featured_media":0,"parent":0,"menu_order":0,"comment_status":"closed","ping_status":"closed","template":"","meta":{"footnotes":""},"class_list":["post-69","page","type-page","status-publish","hentry"],"_links":{"self":[{"href":"https:\/\/www.fundarweb.org.ar\/fundar\/wp-json\/wp\/v2\/pages\/69","targetHints":{"allow":["GET"]}}],"collection":[{"href":"https:\/\/www.fundarweb.org.ar\/fundar\/wp-json\/wp\/v2\/pages"}],"about":[{"href":"https:\/\/www.fundarweb.org.ar\/fundar\/wp-json\/wp\/v2\/types\/page"}],"author":[{"embeddable":true,"href":"https:\/\/www.fundarweb.org.ar\/fundar\/wp-json\/wp\/v2\/users\/1"}],"replies":[{"embeddable":true,"href":"https:\/\/www.fundarweb.org.ar\/fundar\/wp-json\/wp\/v2\/comments?post=69"}],"version-history":[{"count":9,"href":"https:\/\/www.fundarweb.org.ar\/fundar\/wp-json\/wp\/v2\/pages\/69\/revisions"}],"predecessor-version":[{"id":1779,"href":"https:\/\/www.fundarweb.org.ar\/fundar\/wp-json\/wp\/v2\/pages\/69\/revisions\/1779"}],"wp:attachment":[{"href":"https:\/\/www.fundarweb.org.ar\/fundar\/wp-json\/wp\/v2\/media?parent=69"}],"curies":[{"name":"wp","href":"https:\/\/api.w.org\/{rel}","templated":true}]}}